{"id":45,"date":"2013-10-07T16:33:37","date_gmt":"2013-10-07T14:33:37","guid":{"rendered":"http:\/\/sulaperk90.cz\/?page_id=45"},"modified":"2018-10-04T15:32:16","modified_gmt":"2018-10-04T13:32:16","slug":"kontakt","status":"publish","type":"page","link":"https:\/\/sulaperk90.cz\/sv\/kontakt\/","title":{"rendered":"Kontakt"},"content":{"rendered":"<p>Vladimir Karel Cerny<br \/>\n\u0160ulaperk 208<br \/>\nHlohovec 69143<\/p>\n<p>Telefon: 00420 732 448 359<br \/>\nE-post: hlohovec@seznam.cz<br \/>\n<iframe loading=\"lazy\" src=\"https:\/\/maps.google.com\/maps\/ms?msa=0&amp;msid=205713055542842944833.0004e95208141e5690c12&amp;ie=UTF8&amp;t=m&amp;ll=48.773939,16.76504&amp;spn=0.002121,0.003219&amp;z=17&amp;output=embed\" width=\"300\" height=\"300\" frameborder=\"0\" marginwidth=\"0\" marginheight=\"0\" scrolling=\"no\"><\/iframe><br \/>\n<small>Visa plats <a style=\"color: #0000ff; text-align: left;\" href=\"https:\/\/maps.google.com\/maps\/ms?msa=0&amp;msid=205713055542842944833.0004e95208141e5690c12&amp;ie=UTF8&amp;t=m&amp;ll=48.773939,16.76504&amp;spn=0.002121,0.003219&amp;z=17&amp;source=embed\">\u0160ulaperk 90<\/a> i en st\u00f6rre karta<\/small><\/p>\n","protected":false},"excerpt":{"rendered":"<p>Vladimir Karel Cerny \u0160ulaperk 208 Hlohovec 69143 Telefon: 00420 732 448 359 E-post: hlohovec@seznam.cz Visa plats \u0160ulaperk 90 i en st\u00f6rre karta<\/p>\n","protected":false},"author":2,"featured_media":0,"parent":0,"menu_order":0,"comment_status":"closed","ping_status":"closed","template":"sidebar-page.php","meta":{"ngg_post_thumbnail":0},"translation":{"provider":"WPGlobus","version":"2.10.3","language":"sv","enabled_languages":["cs","en","de","sv","fr"],"languages":{"cs":{"title":true,"content":true,"excerpt":false},"en":{"title":true,"content":true,"excerpt":false},"de":{"title":true,"content":true,"excerpt":false},"sv":{"title":true,"content":true,"excerpt":false},"fr":{"title":true,"content":true,"excerpt":false}}},"yoast_head":"<!-- This site is optimized with the Yoast SEO plugin v19.5.1 - https:\/\/yoast.com\/wordpress\/plugins\/seo\/ -->\n<title>Kontakt - Sulaperk 90, Hlohovec<\/title>\n<meta name=\"robots\" content=\"index, follow, max-snippet:-1, max-image-preview:large, max-video-preview:-1\" \/>\n<link rel=\"canonical\" href=\"https:\/\/sulaperk90.cz\/kontakt\/\" \/>\n<meta property=\"og:locale\" content=\"en_US\" \/>\n<meta property=\"og:type\" content=\"article\" \/>\n<meta property=\"og:title\" content=\"Kontakt - Sulaperk 90, Hlohovec\" \/>\n<meta property=\"og:url\" content=\"https:\/\/sulaperk90.cz\/kontakt\/\" \/>\n<meta property=\"og:site_name\" content=\"Sulaperk 90, Hlohovec\" \/>\n<meta property=\"article:modified_time\" content=\"2018-10-04T13:32:16+00:00\" \/>\n<meta name=\"twitter:label1\" content=\"Est. reading time\" \/>\n\t<meta name=\"twitter:data1\" content=\"1 minute\" \/>\n<script type=\"application\/ld+json\" class=\"yoast-schema-graph\">{\"@context\":\"https:\/\/schema.org\",\"@graph\":[{\"@type\":\"WebPage\",\"@id\":\"https:\/\/sulaperk90.cz\/kontakt\/\",\"url\":\"https:\/\/sulaperk90.cz\/kontakt\/\",\"name\":\"Kontakt - Sulaperk 90, Hlohovec\",\"isPartOf\":{\"@id\":\"https:\/\/sulaperk90.cz\/#website\"},\"datePublished\":\"2013-10-07T14:33:37+00:00\",\"dateModified\":\"2018-10-04T13:32:16+00:00\",\"breadcrumb\":{\"@id\":\"https:\/\/sulaperk90.cz\/kontakt\/#breadcrumb\"},\"inLanguage\":\"en-US\",\"potentialAction\":[{\"@type\":\"ReadAction\",\"target\":[\"https:\/\/sulaperk90.cz\/kontakt\/\"]}]},{\"@type\":\"BreadcrumbList\",\"@id\":\"https:\/\/sulaperk90.cz\/kontakt\/#breadcrumb\",\"itemListElement\":[{\"@type\":\"ListItem\",\"position\":1,\"name\":\"Home\",\"item\":\"https:\/\/sulaperk90.cz\/\"},{\"@type\":\"ListItem\",\"position\":2,\"name\":\"Kontakt\"}]},{\"@type\":\"WebSite\",\"@id\":\"https:\/\/sulaperk90.cz\/#website\",\"url\":\"https:\/\/sulaperk90.cz\/\",\"name\":\"Sulaperk 90, Hlohovec\",\"description\":\"Ubytov\u00e1n\u00ed\",\"potentialAction\":[{\"@type\":\"SearchAction\",\"target\":{\"@type\":\"EntryPoint\",\"urlTemplate\":\"https:\/\/sulaperk90.cz\/?s={search_term_string}\"},\"query-input\":\"required name=search_term_string\"}],\"inLanguage\":\"en-US\"}]}<\/script>\n<!-- \/ Yoast SEO plugin. -->","yoast_head_json":{"title":"Kontakt - Sulaperk 90, Hlohovec","robots":{"index":"index","follow":"follow","max-snippet":"max-snippet:-1","max-image-preview":"max-image-preview:large","max-video-preview":"max-video-preview:-1"},"canonical":"https:\/\/sulaperk90.cz\/kontakt\/","og_locale":"en_US","og_type":"article","og_title":"Kontakt - Sulaperk 90, Hlohovec","og_url":"https:\/\/sulaperk90.cz\/kontakt\/","og_site_name":"Sulaperk 90, Hlohovec","article_modified_time":"2018-10-04T13:32:16+00:00","twitter_misc":{"Est. reading time":"1 minute"},"schema":{"@context":"https:\/\/schema.org","@graph":[{"@type":"WebPage","@id":"https:\/\/sulaperk90.cz\/kontakt\/","url":"https:\/\/sulaperk90.cz\/kontakt\/","name":"Kontakt - Sulaperk 90, Hlohovec","isPartOf":{"@id":"https:\/\/sulaperk90.cz\/#website"},"datePublished":"2013-10-07T14:33:37+00:00","dateModified":"2018-10-04T13:32:16+00:00","breadcrumb":{"@id":"https:\/\/sulaperk90.cz\/kontakt\/#breadcrumb"},"inLanguage":"en-US","potentialAction":[{"@type":"ReadAction","target":["https:\/\/sulaperk90.cz\/kontakt\/"]}]},{"@type":"BreadcrumbList","@id":"https:\/\/sulaperk90.cz\/kontakt\/#breadcrumb","itemListElement":[{"@type":"ListItem","position":1,"name":"Home","item":"https:\/\/sulaperk90.cz\/"},{"@type":"ListItem","position":2,"name":"Kontakt"}]},{"@type":"WebSite","@id":"https:\/\/sulaperk90.cz\/#website","url":"https:\/\/sulaperk90.cz\/","name":"Sulaperk 90, Hlohovec","description":"Ubytov\u00e1n\u00ed","potentialAction":[{"@type":"SearchAction","target":{"@type":"EntryPoint","urlTemplate":"https:\/\/sulaperk90.cz\/?s={search_term_string}"},"query-input":"required name=search_term_string"}],"inLanguage":"en-US"}]}},"_links":{"self":[{"href":"https:\/\/sulaperk90.cz\/sv\/wp-json\/wp\/v2\/pages\/45"}],"collection":[{"href":"https:\/\/sulaperk90.cz\/sv\/wp-json\/wp\/v2\/pages"}],"about":[{"href":"https:\/\/sulaperk90.cz\/sv\/wp-json\/wp\/v2\/types\/page"}],"author":[{"embeddable":true,"href":"https:\/\/sulaperk90.cz\/sv\/wp-json\/wp\/v2\/users\/2"}],"replies":[{"embeddable":true,"href":"https:\/\/sulaperk90.cz\/sv\/wp-json\/wp\/v2\/comments?post=45"}],"version-history":[{"count":20,"href":"https:\/\/sulaperk90.cz\/sv\/wp-json\/wp\/v2\/pages\/45\/revisions"}],"predecessor-version":[{"id":288,"href":"https:\/\/sulaperk90.cz\/sv\/wp-json\/wp\/v2\/pages\/45\/revisions\/288"}],"wp:attachment":[{"href":"https:\/\/sulaperk90.cz\/sv\/wp-json\/wp\/v2\/media?parent=45"}],"curies":[{"name":"wp","href":"https:\/\/api.w.org\/{rel}","templated":true}]}}