{"id":2,"date":"2013-10-07T12:10:50","date_gmt":"2013-10-07T12:10:50","guid":{"rendered":"http:\/\/sulaperk90.cz\/?page_id=2"},"modified":"2025-10-12T14:13:33","modified_gmt":"2025-10-12T12:13:33","slug":"zkusebni-stranka","status":"publish","type":"page","link":"https:\/\/sulaperk90.cz\/sv\/","title":{"rendered":"Boende"},"content":{"rendered":"<p><strong>\u0160ulaperk 90,Hlohovec<\/strong><br \/>\nDetta historiska byggnad byggd \u00e5r 1794 ligger i vinproducerande by Hlohovec mellan Mikulov, Valtice, Lednice och B\u0159eclav. \u0160ulaperk 90 har ett fullt utrustat k\u00f6k, ett sovrum, vardagsrum &#8211; matsal, badrum.&nbsp;Huset har golvv\u00e4rme (tillkommer extra) och luft &#8211; konditionering. Utomhus pool. En livsmedelsbutik \u00e4r 150 m, restaurang 200 m UNESCO hela Valticko-Lednick\u00fd omr\u00e5de som du kan l\u00e4ra sig genom m\u00e5nga vandringsleder..<\/p>\n<ul>\n<li>Sovrum med dubbels\u00e4ng 210 x 200 cm, med utsikt \u00f6ver tr\u00e4dg\u00e5rden.<\/li>\n<li>K\u00f6k: fullt utrustat, \u00e5nguttagning, micro, elspis, ugn, kylsk\u00e5p<\/li>\n<li>Badrum: dusch, handfat, bid\u00e9, toalett och tv\u00e4ttmaskin.<\/li>\n<li>Matsal: 1 b\u00e4ddsoffa IKEA Villasund-Marieby Brno 2015,1 soffa, 2 stolar, bord, matbord med stolar-m\u00f6bel IKEA Malm\u00f6 1968, TV, Wi-Fi, internet, s\u00e4lskapspel. Inomhusenheten luftkonditioneringen.<\/li>\n<li>Tr\u00e4dg\u00e5rden: tr\u00e4dg\u00e5rd bord och stolar, boule-petanque.<\/li>\n<li>Weber el grill Q 1400 \u00e4r tillg\u00e4nglig<\/li>\n<li>Allm\u00e4nt: vinby Hlohovec \u00e4r en del av Mikulov regionen.<\/li>\n<li>Aktiviteter: vandring, cykling, tennis i byn, 2 km Spa Lednice.<\/li>\n<li>Barn: f\u00f6r anv\u00e4ndning i befintlig s\u00e4ng 1-4 \u00e5r betalar inte<\/li>\n<li>Parkering: framf\u00f6r objektet<\/li>\n<li>Tillg\u00e5ng till cykelrum<\/li>\n<li>Incheckning: efter 1500<\/li>\n<li>Avresa: f\u00f6re 1000<\/li>\n<li>Extra s\u00e4ng: p\u00e5 soffan 140 x 200 max 2 per.<\/li>\n<li><strong>V\u00e4nligen<\/strong> kontakta oss via e-mail, g-mail eller telefon om ni har n\u00e5gra fr\u00e5gor<\/li>\n<li><strong>Priser&nbsp;<\/strong><\/li>\n<li><strong>Sovrum<\/strong> max 2 per<\/li>\n<li>minimum 2 dagar 1850K\u010d\/natt+21K\u010d turist tax \/vuxen\/natt<\/li>\n<li><strong>Extra s\u00e4ng<\/strong> max&nbsp;2 per.<\/li>\n<li>650K\u010d per\/natt+21K\u010d turist tax \/vuxen\/natt<\/li>\n<li>Vecka l\u00f6r &#8211; l\u00f6r f\u00f6r tv\u00e5 12500K\u010d, f\u00f6r tre 16500K\u010d, f\u00f6r fyra 20500K\u010d+21K\u010d turist tax \/vuxen\/natt<\/li>\n<li><strong>&nbsp;Pool<\/strong>: maj till september 95K\u010d \/ dag -v\u00e4nligen boka i f\u00f6rv\u00e4g<\/li>\n<li><strong>Villkor<\/strong>: icke r\u00f6kare, inga husdjur, internet gratis. deposit 50% i f\u00f6rv\u00e4g till&nbsp; bankkonto<\/li>\n<li>Prislista 11 2025<strong><br \/>\n<\/strong><\/li>\n<\/ul>\n<p>&nbsp;<\/p>\n","protected":false},"excerpt":{"rendered":"<p>\u0160ulaperk 90,Hlohovec Detta historiska byggnad byggd \u00e5r 1794 ligger i vinproducerande by Hlohovec mellan Mikulov, Valtice, Lednice och B\u0159eclav. \u0160ulaperk 90 har ett fullt utrustat k\u00f6k, ett sovrum, vardagsrum &#8211; matsal, badrum.&nbsp;Huset har golvv\u00e4rme (tillkommer extra) och luft &#8211; konditionering. &hellip; <a href=\"https:\/\/sulaperk90.cz\/sv\/\">Continue reading <span class=\"meta-nav\">&rarr;<\/span><\/a><\/p>\n","protected":false},"author":1,"featured_media":0,"parent":0,"menu_order":0,"comment_status":"closed","ping_status":"closed","template":"sidebar-page.php","meta":{"ngg_post_thumbnail":0},"translation":{"provider":"WPGlobus","version":"2.10.3","language":"sv","enabled_languages":["cs","en","de","sv","fr"],"languages":{"cs":{"title":true,"content":true,"excerpt":false},"en":{"title":true,"content":true,"excerpt":false},"de":{"title":true,"content":true,"excerpt":false},"sv":{"title":true,"content":true,"excerpt":false},"fr":{"title":true,"content":true,"excerpt":false}}},"yoast_head":"<!-- This site is optimized with the Yoast SEO plugin v19.5.1 - https:\/\/yoast.com\/wordpress\/plugins\/seo\/ -->\n<title>Boende  - Sulaperk 90, Hlohovec<\/title>\n<meta name=\"robots\" content=\"index, follow, max-snippet:-1, max-image-preview:large, max-video-preview:-1\" \/>\n<link rel=\"canonical\" href=\"https:\/\/sulaperk90.cz\/\" \/>\n<meta property=\"og:locale\" content=\"en_US\" \/>\n<meta property=\"og:type\" content=\"article\" \/>\n<meta property=\"og:title\" content=\"Boende  - Sulaperk 90, Hlohovec\" \/>\n<meta property=\"og:url\" content=\"https:\/\/sulaperk90.cz\/\" \/>\n<meta property=\"og:site_name\" content=\"Sulaperk 90, Hlohovec\" \/>\n<meta property=\"article:modified_time\" content=\"2025-10-12T12:13:33+00:00\" \/>\n<meta name=\"twitter:label1\" content=\"Est. reading time\" \/>\n\t<meta name=\"twitter:data1\" content=\"2 minutes\" \/>\n<script type=\"application\/ld+json\" class=\"yoast-schema-graph\">{\"@context\":\"https:\/\/schema.org\",\"@graph\":[{\"@type\":\"WebPage\",\"@id\":\"https:\/\/sulaperk90.cz\/\",\"url\":\"https:\/\/sulaperk90.cz\/\",\"name\":\"Boende - Sulaperk 90, Hlohovec\",\"isPartOf\":{\"@id\":\"https:\/\/sulaperk90.cz\/#website\"},\"datePublished\":\"2013-10-07T12:10:50+00:00\",\"dateModified\":\"2025-10-12T12:13:33+00:00\",\"breadcrumb\":{\"@id\":\"https:\/\/sulaperk90.cz\/#breadcrumb\"},\"inLanguage\":\"en-US\",\"potentialAction\":[{\"@type\":\"ReadAction\",\"target\":[\"https:\/\/sulaperk90.cz\/\"]}]},{\"@type\":\"BreadcrumbList\",\"@id\":\"https:\/\/sulaperk90.cz\/#breadcrumb\",\"itemListElement\":[{\"@type\":\"ListItem\",\"position\":1,\"name\":\"Home\",\"item\":\"https:\/\/sulaperk90.cz\/\"},{\"@type\":\"ListItem\",\"position\":2,\"name\":\"Ubytov\u00e1n\u00ed\"}]},{\"@type\":\"WebSite\",\"@id\":\"https:\/\/sulaperk90.cz\/#website\",\"url\":\"https:\/\/sulaperk90.cz\/\",\"name\":\"Sulaperk 90, Hlohovec\",\"description\":\"Ubytov\u00e1n\u00ed\",\"potentialAction\":[{\"@type\":\"SearchAction\",\"target\":{\"@type\":\"EntryPoint\",\"urlTemplate\":\"https:\/\/sulaperk90.cz\/?s={search_term_string}\"},\"query-input\":\"required name=search_term_string\"}],\"inLanguage\":\"en-US\"}]}<\/script>\n<!-- \/ Yoast SEO plugin. -->","yoast_head_json":{"title":"Boende  - Sulaperk 90, Hlohovec","robots":{"index":"index","follow":"follow","max-snippet":"max-snippet:-1","max-image-preview":"max-image-preview:large","max-video-preview":"max-video-preview:-1"},"canonical":"https:\/\/sulaperk90.cz\/","og_locale":"en_US","og_type":"article","og_title":"Boende  - Sulaperk 90, Hlohovec","og_url":"https:\/\/sulaperk90.cz\/","og_site_name":"Sulaperk 90, Hlohovec","article_modified_time":"2025-10-12T12:13:33+00:00","twitter_misc":{"Est. reading time":"2 minutes"},"schema":{"@context":"https:\/\/schema.org","@graph":[{"@type":"WebPage","@id":"https:\/\/sulaperk90.cz\/","url":"https:\/\/sulaperk90.cz\/","name":"Boende - Sulaperk 90, Hlohovec","isPartOf":{"@id":"https:\/\/sulaperk90.cz\/#website"},"datePublished":"2013-10-07T12:10:50+00:00","dateModified":"2025-10-12T12:13:33+00:00","breadcrumb":{"@id":"https:\/\/sulaperk90.cz\/#breadcrumb"},"inLanguage":"en-US","potentialAction":[{"@type":"ReadAction","target":["https:\/\/sulaperk90.cz\/"]}]},{"@type":"BreadcrumbList","@id":"https:\/\/sulaperk90.cz\/#breadcrumb","itemListElement":[{"@type":"ListItem","position":1,"name":"Home","item":"https:\/\/sulaperk90.cz\/"},{"@type":"ListItem","position":2,"name":"Ubytov\u00e1n\u00ed"}]},{"@type":"WebSite","@id":"https:\/\/sulaperk90.cz\/#website","url":"https:\/\/sulaperk90.cz\/","name":"Sulaperk 90, Hlohovec","description":"Ubytov\u00e1n\u00ed","potentialAction":[{"@type":"SearchAction","target":{"@type":"EntryPoint","urlTemplate":"https:\/\/sulaperk90.cz\/?s={search_term_string}"},"query-input":"required name=search_term_string"}],"inLanguage":"en-US"}]}},"_links":{"self":[{"href":"https:\/\/sulaperk90.cz\/sv\/wp-json\/wp\/v2\/pages\/2"}],"collection":[{"href":"https:\/\/sulaperk90.cz\/sv\/wp-json\/wp\/v2\/pages"}],"about":[{"href":"https:\/\/sulaperk90.cz\/sv\/wp-json\/wp\/v2\/types\/page"}],"author":[{"embeddable":true,"href":"https:\/\/sulaperk90.cz\/sv\/wp-json\/wp\/v2\/users\/1"}],"replies":[{"embeddable":true,"href":"https:\/\/sulaperk90.cz\/sv\/wp-json\/wp\/v2\/comments?post=2"}],"version-history":[{"count":244,"href":"https:\/\/sulaperk90.cz\/sv\/wp-json\/wp\/v2\/pages\/2\/revisions"}],"predecessor-version":[{"id":443,"href":"https:\/\/sulaperk90.cz\/sv\/wp-json\/wp\/v2\/pages\/2\/revisions\/443"}],"wp:attachment":[{"href":"https:\/\/sulaperk90.cz\/sv\/wp-json\/wp\/v2\/media?parent=2"}],"curies":[{"name":"wp","href":"https:\/\/api.w.org\/{rel}","templated":true}]}}